{"id":6784,"date":"2023-08-01T11:28:26","date_gmt":"2023-08-01T16:28:26","guid":{"rendered":"https:\/\/www.sedarauca.edu.co\/?page_id=6784"},"modified":"2024-05-10T11:21:59","modified_gmt":"2024-05-10T16:21:59","slug":"siuce","status":"publish","type":"page","link":"https:\/\/www.sedarauca.edu.co\/index.php\/siuce\/","title":{"rendered":"CALIDAD &#8211; SIUCE"},"content":{"rendered":"<p>[et_pb_section fb_built=\u00bb1&#8243; admin_label=\u00bbLanding Hero\u00bb _builder_version=\u00bb4.24.0&#8243; use_background_color_gradient=\u00bbon\u00bb background_color_gradient_stops=\u00bb#474ab6 0%|#9271f6 100%\u00bb background_color_gradient_start=\u00bb#474ab6&#8243; background_color_gradient_end=\u00bb#9271f6&#8243; background_image=\u00bbhttps:\/\/www.sedarauca.edu.co\/wp-content\/uploads\/2024\/01\/Banner_CalidadEducativa-scaled.jpg\u00bb background_blend=\u00bboverlay\u00bb height=\u00bb693px\u00bb custom_padding=\u00bb100px|0px|100px|0px\u00bb animation_style=\u00bbzoom\u00bb animation_direction=\u00bbtop\u00bb animation_duration=\u00bb400ms\u00bb locked=\u00bboff\u00bb global_colors_info=\u00bb{}\u00bb][\/et_pb_section][et_pb_section fb_built=\u00bb1&#8243; specialty=\u00bbon\u00bb admin_label=\u00bbAll Courses\u00bb _builder_version=\u00bb4.16&#8243; custom_padding=\u00bb100px|0px|100px|0px\u00bb global_colors_info=\u00bb{}\u00bb][et_pb_column type=\u00bb1_3&#8243; _builder_version=\u00bb4.16&#8243; custom_padding=\u00bb|||\u00bb global_colors_info=\u00bb{}\u00bb parallax__hover=\u00bboff\u00bb parallax_method__hover=\u00bbon\u00bb custom_padding__hover=\u00bb|||\u00bb][et_pb_text _builder_version=\u00bb4.21.0&#8243; header_font=\u00bb||||||||\u00bb header_2_font=\u00bb|700|||||||\u00bb header_2_text_color=\u00bb#7272ff\u00bb header_2_font_size=\u00bb36px\u00bb header_2_line_height=\u00bb1.3em\u00bb custom_margin=\u00bb||20px|\u00bb animation_style=\u00bbslide\u00bb animation_direction=\u00bbbottom\u00bb animation_intensity_slide=\u00bb10%\u00bb locked=\u00bboff\u00bb global_colors_info=\u00bb{}\u00bb header_font_size__hover=\u00bb30px\u00bb header_font_size__hover_enabled=\u00bb30px\u00bb header_letter_spacing__hover=\u00bb0px\u00bb header_letter_spacing__hover_enabled=\u00bb0px\u00bb header_text_shadow_style__hover=\u00bbnone\u00bb header_text_shadow_style__hover_enabled=\u00bbnone\u00bb header_text_shadow_color__hover=\u00bbrgba(0,0,0,0.4)\u00bb header_text_shadow_color__hover_enabled=\u00bbrgba(0,0,0,0.4)\u00bb]<\/p>\n<h2>SIUCE<\/h2>\n<p>[\/et_pb_text][et_pb_divider color=\u00bb#09e1c0&#8243; divider_weight=\u00bb4px\u00bb disabled_on=\u00bbon|on|off\u00bb _builder_version=\u00bb4.21.0&#8243; background_size=\u00bbinitial\u00bb background_position=\u00bbtop_left\u00bb background_repeat=\u00bbrepeat\u00bb max_width=\u00bb40px\u00bb module_alignment=\u00bbleft\u00bb custom_margin=\u00bb||10px|\u00bb animation_style=\u00bbzoom\u00bb animation_direction=\u00bbleft\u00bb saved_tabs=\u00bball\u00bb locked=\u00bboff\u00bb global_colors_info=\u00bb{}\u00bb][\/et_pb_divider][et_pb_text _builder_version=\u00bb4.21.0&#8243; text_font=\u00bb||||||||\u00bb text_text_color=\u00bb#8585bd\u00bb text_font_size=\u00bb16px\u00bb text_line_height=\u00bb1.9em\u00bb header_font=\u00bb||||||||\u00bb header_4_font=\u00bb|700|||||||\u00bb header_4_font_size=\u00bb16px\u00bb header_4_line_height=\u00bb1.9em\u00bb custom_padding=\u00bb||0px|||\u00bb animation_style=\u00bbzoom\u00bb animation_intensity_zoom=\u00bb6%\u00bb locked=\u00bboff\u00bb global_colors_info=\u00bb{}\u00bb]<\/p>\n<p style=\"text-align: justify;\"><strong>El Sistema de Informaci\u00f3n Unificado de Convivencia Escolar (SIUCE)<\/strong> es una plataforma o herramienta para recopilar, gestionar y analizar datos relacionados con la convivencia escolar en las instituciones educativas del pa\u00eds.<\/p>\n<p style=\"text-align: justify;\">El SIUCE tiene como finalidad proporcionar informaci\u00f3n relevante y oportuna sobre distintos aspectos relacionados con la convivencia escolar, como casos de violencia, acoso, discriminaci\u00f3n o cualquier otra situaci\u00f3n que afecte el ambiente educativo. A trav\u00e9s de este sistema, se busca tener una visi\u00f3n integral de las problem\u00e1ticas presentes en las instituciones educativas y, a partir de los datos recopilados, implementar estrategias y pol\u00edticas que mejoren la convivencia y promuevan una cultura de paz en los centros educativos.<\/p>\n<p style=\"text-align: justify;\"><em>Algunas de las funciones del SIUCE incluyen:<\/em><\/p>\n<ol style=\"text-align: justify;\">\n<li><strong>Registro de incidentes:<\/strong> Permite el registro de eventos o situaciones de convivencia que pueden afectar el ambiente escolar, como casos de acoso, bullying, violencia o indisciplina.<\/li>\n<li><strong>Seguimiento y an\u00e1lisis de datos:<\/strong> El sistema recopila y analiza los datos proporcionados para identificar tendencias, \u00e1reas problem\u00e1ticas y patrones de comportamiento, lo que ayuda a tomar decisiones informadas para mejorar la convivencia en las escuelas.<\/li>\n<li><strong>Planes de acci\u00f3n:<\/strong> Con base en la informaci\u00f3n obtenida, se pueden dise\u00f1ar planes de acci\u00f3n espec\u00edficos y medidas preventivas para abordar las problem\u00e1ticas identificadas y fortalecer la convivencia escolar.<\/li>\n<li><strong>Reportes y estad\u00edsticas:<\/strong> Facilita la generaci\u00f3n de informes y estad\u00edsticas sobre la situaci\u00f3n de la convivencia en las instituciones educativas, lo que permite evaluar la efectividad de las estrategias implementadas y realizar ajustes seg\u00fan sea necesario.<\/li>\n<\/ol>\n<p>[\/et_pb_text][\/et_pb_column][et_pb_column type=\u00bb2_3&#8243; specialty_columns=\u00bb2&#8243; _builder_version=\u00bb4.16&#8243; custom_padding=\u00bb|||\u00bb global_colors_info=\u00bb{}\u00bb parallax__hover=\u00bboff\u00bb parallax_method__hover=\u00bbon\u00bb custom_padding__hover=\u00bb|||\u00bb][et_pb_row_inner gutter_width=\u00bb1&#8243; _builder_version=\u00bb4.22.0&#8243; custom_margin=\u00bb||-5px||false|false\u00bb custom_padding=\u00bb0px|0px|0px|0px\u00bb animation_style=\u00bbzoom\u00bb animation_intensity_zoom=\u00bb6%\u00bb border_color_all=\u00bbrgba(214,214,214,0.4)\u00bb border_width_top=\u00bb5px\u00bb border_width_right=\u00bb5px\u00bb border_width_bottom=\u00bb5px\u00bb border_width_left=\u00bb5px\u00bb box_shadow_style=\u00bbpreset1&#8243; box_shadow_vertical=\u00bb10px\u00bb box_shadow_blur=\u00bb60px\u00bb box_shadow_color=\u00bbrgba(71,74,182,0.12)\u00bb global_colors_info=\u00bb{}\u00bb][et_pb_column_inner saved_specialty_column_type=\u00bb2_3&#8243; module_class=\u00bbet_pb_column_1_2&#8243; _builder_version=\u00bb4.16&#8243; custom_padding=\u00bb|||\u00bb global_colors_info=\u00bb{}\u00bb parallax__hover=\u00bboff\u00bb parallax_method__hover=\u00bbon\u00bb module_class__hover=\u00bbet_pb_column_1_2&#8243; custom_padding__hover=\u00bb|||\u00bb][et_pb_blurb title=\u00bbCircular Externa Nro 229 de 2023&#8243; url=\u00bbhttps:\/\/www.sedarauca.edu.co\/wp-content\/uploads\/2023\/08\/Circular-Extrena-229-2023_Revicion-y-Seguimiento-al-SIUCE.pdf\u00bb url_new_window=\u00bbon\u00bb image=\u00bbhttps:\/\/www.sedarauca.edu.co\/wp-content\/uploads\/2023\/08\/circularlogo1.jpg\u00bb icon_placement=\u00bbleft\u00bb image_icon_width=\u00bb64px\u00bb content_max_width=\u00bb1100px\u00bb _builder_version=\u00bb4.22.1&#8243; header_font=\u00bb|on|||\u00bb header_text_color=\u00bb#2e2545&#8243; header_line_height=\u00bb1.5em\u00bb body_text_color=\u00bb#8585bd\u00bb body_line_height=\u00bb1.9em\u00bb background_color=\u00bb#ffffff\u00bb custom_margin=\u00bb|||\u00bb custom_padding=\u00bb30px|30px|30px|30px\u00bb animation_style=\u00bbzoom\u00bb animation_direction=\u00bbbottom\u00bb animation_intensity_zoom=\u00bb20%\u00bb animation_starting_opacity=\u00bb100%\u00bb link_option_url=\u00bbhttps:\/\/www.sedarauca.edu.co\/wp-content\/uploads\/2023\/08\/Circular-Extrena-229-2023_Revicion-y-Seguimiento-al-SIUCE.pdf\u00bb link_option_url_new_window=\u00bbon\u00bb box_shadow_style=\u00bbpreset7&#8243; box_shadow_horizontal=\u00bb-1px\u00bb box_shadow_vertical=\u00bb-1px\u00bb box_shadow_color=\u00bbrgba(71,74,182,0.12)\u00bb image_max_width=\u00bb64px\u00bb locked=\u00bboff\u00bb global_colors_info=\u00bb{}\u00bb]<\/p>\n<p style=\"text-align: justify;\"><span>Es la directriz que formaliza la obligatoriedad de la implementaci\u00f3n del SIUCE en las instituciones y centros educativos del departamento de Arauca. Este documento establece las pautas y procedimientos para la adopci\u00f3n y utilizaci\u00f3n del sistema de informaci\u00f3n unificado de convivencia escolar en el departamento. Este sistema tiene como objetivo mejorar la convivencia en los establecimientos educativos, promoviendo un ambiente seguro y respetuoso.<\/span><\/p>\n<p>[\/et_pb_blurb][\/et_pb_column_inner][\/et_pb_row_inner][et_pb_row_inner gutter_width=\u00bb1&#8243; _builder_version=\u00bb4.21.0&#8243; custom_padding=\u00bb0px|0px|0px|0px\u00bb animation_style=\u00bbzoom\u00bb animation_intensity_zoom=\u00bb6%\u00bb border_color_all=\u00bbrgba(214,214,214,0.4)\u00bb border_width_top=\u00bb5px\u00bb border_width_right=\u00bb5px\u00bb border_width_bottom=\u00bb5px\u00bb border_width_left=\u00bb5px\u00bb box_shadow_style=\u00bbpreset1&#8243; box_shadow_vertical=\u00bb10px\u00bb box_shadow_blur=\u00bb60px\u00bb box_shadow_color=\u00bbrgba(71,74,182,0.12)\u00bb global_colors_info=\u00bb{}\u00bb][et_pb_column_inner saved_specialty_column_type=\u00bb2_3&#8243; module_class=\u00bbet_pb_column_1_2&#8243; _builder_version=\u00bb4.16&#8243; custom_padding=\u00bb|||\u00bb global_colors_info=\u00bb{}\u00bb parallax__hover=\u00bboff\u00bb parallax_method__hover=\u00bbon\u00bb module_class__hover=\u00bbet_pb_column_1_2&#8243; custom_padding__hover=\u00bb|||\u00bb][et_pb_blurb title=\u00bb\u00bfQu\u00e9 es el SIUCE?\u00bb url=\u00bbhttps:\/\/www.sedarauca.edu.co\/wp-content\/uploads\/2023\/08\/Que-es-el-SIUCE.pdf\u00bb url_new_window=\u00bbon\u00bb image=\u00bbhttps:\/\/www.sedarauca.edu.co\/wp-content\/uploads\/2023\/08\/Def-Siuce.jpg\u00bb icon_placement=\u00bbleft\u00bb image_icon_width=\u00bb64px\u00bb content_max_width=\u00bb1100px\u00bb _builder_version=\u00bb4.21.0&#8243; header_font=\u00bb|on|||\u00bb header_text_color=\u00bb#2e2545&#8243; header_line_height=\u00bb1.5em\u00bb body_text_color=\u00bb#8585bd\u00bb body_line_height=\u00bb1.9em\u00bb background_color=\u00bb#ffffff\u00bb custom_margin=\u00bb|||\u00bb custom_padding=\u00bb30px|30px|30px|30px\u00bb animation_style=\u00bbzoom\u00bb animation_direction=\u00bbbottom\u00bb animation_intensity_zoom=\u00bb20%\u00bb animation_starting_opacity=\u00bb100%\u00bb link_option_url=\u00bbhttps:\/\/www.sedarauca.edu.co\/wp-content\/uploads\/2023\/08\/Que-es-el-SIUCE.pdf\u00bb link_option_url_new_window=\u00bbon\u00bb box_shadow_style=\u00bbpreset7&#8243; box_shadow_horizontal=\u00bb-1px\u00bb box_shadow_vertical=\u00bb-1px\u00bb box_shadow_color=\u00bbrgba(71,74,182,0.12)\u00bb image_max_width=\u00bb64px\u00bb locked=\u00bboff\u00bb global_colors_info=\u00bb{}\u00bb]<\/p>\n<p style=\"text-align: justify;\">Una plataforma tecnol\u00f3gica para el registro, identificaci\u00f3n, an\u00e1lisis y seguimiento de los casos de acoso, violencia escolar y de vulneraci\u00f3n de derechos humanos, sexuales y reproductivos que afecten a los ni\u00f1os, ni\u00f1as y adolescentes.<\/p>\n<p>[\/et_pb_blurb][\/et_pb_column_inner][\/et_pb_row_inner][et_pb_row_inner gutter_width=\u00bb1&#8243; admin_label=\u00bbAbrir \u00bfC\u00f3mo hacer seguimiento en el SIUCE?\u00bb _builder_version=\u00bb4.21.0&#8243; custom_padding=\u00bb0px|0px|0px|0px\u00bb animation_style=\u00bbzoom\u00bb animation_intensity_zoom=\u00bb6%\u00bb link_option_url=\u00bbhttps:\/\/www.sedarauca.edu.co\/wp-content\/uploads\/2023\/08\/Como-hacer-seguimiento-en-el-SIUCE.pdf\u00bb link_option_url_new_window=\u00bbon\u00bb border_width_all=\u00bb5px\u00bb border_color_all=\u00bbrgba(214,214,214,0.4)\u00bb border_width_top=\u00bb0px\u00bb box_shadow_style=\u00bbpreset1&#8243; box_shadow_vertical=\u00bb10px\u00bb box_shadow_blur=\u00bb60px\u00bb box_shadow_color=\u00bbrgba(71,74,182,0.12)\u00bb global_colors_info=\u00bb{}\u00bb][et_pb_column_inner saved_specialty_column_type=\u00bb2_3&#8243; module_class=\u00bbet_pb_column_1_2&#8243; _builder_version=\u00bb4.16&#8243; custom_padding=\u00bb|||\u00bb global_colors_info=\u00bb{}\u00bb parallax__hover=\u00bboff\u00bb parallax_method__hover=\u00bbon\u00bb module_class__hover=\u00bbet_pb_column_1_2&#8243; custom_padding__hover=\u00bb|||\u00bb][et_pb_blurb title=\u00bb\u00bfC\u00f3mo hacer seguimiento en el SIUCE?\u00bb url=\u00bbhttps:\/\/www.sedarauca.edu.co\/wp-content\/uploads\/2023\/08\/Como-hacer-seguimiento-en-el-SIUCE.pdf\u00bb url_new_window=\u00bbon\u00bb image=\u00bbhttps:\/\/www.sedarauca.edu.co\/wp-content\/uploads\/2023\/08\/seguimientologosiuce.jpg\u00bb icon_placement=\u00bbleft\u00bb image_icon_width=\u00bb64px\u00bb content_max_width=\u00bb1100px\u00bb _builder_version=\u00bb4.22.0&#8243; header_font=\u00bb|on|||\u00bb header_text_color=\u00bb#2e2545&#8243; header_line_height=\u00bb1.5em\u00bb body_text_color=\u00bb#8585bd\u00bb body_line_height=\u00bb1.9em\u00bb background_color=\u00bb#ffffff\u00bb custom_margin=\u00bb|||\u00bb custom_padding=\u00bb30px|30px|30px|30px\u00bb animation_style=\u00bbzoom\u00bb animation_direction=\u00bbbottom\u00bb animation_intensity_zoom=\u00bb20%\u00bb animation_starting_opacity=\u00bb100%\u00bb link_option_url=\u00bbhttps:\/\/www.sedarauca.edu.co\/wp-content\/uploads\/2023\/08\/Como-hacer-seguimiento-en-el-SIUCE.pdf\u00bb link_option_url_new_window=\u00bbon\u00bb box_shadow_style=\u00bbpreset7&#8243; box_shadow_horizontal=\u00bb-1px\u00bb box_shadow_vertical=\u00bb-1px\u00bb box_shadow_color=\u00bbrgba(71,74,182,0.12)\u00bb image_max_width=\u00bb64px\u00bb locked=\u00bboff\u00bb global_colors_info=\u00bb{}\u00bb]<\/p>\n<p style=\"text-align: justify;\">Toda la comunidad educativa debe conocer los protocolos para el abordaje de las situaciones de convivencia escolar y que el SIUCE evidencia el cumplimiento de los mismos.<\/p>\n<p>[\/et_pb_blurb][\/et_pb_column_inner][\/et_pb_row_inner][et_pb_row_inner gutter_width=\u00bb1&#8243; admin_label=\u00bbAbrir \u00bfC\u00f3mo hacer seguimiento en el SIUCE?\u00bb _builder_version=\u00bb4.21.0&#8243; custom_padding=\u00bb0px|0px|0px|0px\u00bb animation_style=\u00bbzoom\u00bb animation_intensity_zoom=\u00bb6%\u00bb link_option_url=\u00bbhttps:\/\/www.sedarauca.edu.co\/wp-content\/uploads\/2023\/08\/Como-hacer-seguimiento-en-el-SIUCE.pdf\u00bb link_option_url_new_window=\u00bbon\u00bb border_width_all=\u00bb5px\u00bb border_color_all=\u00bbrgba(214,214,214,0.4)\u00bb border_width_top=\u00bb0px\u00bb box_shadow_style=\u00bbpreset1&#8243; box_shadow_vertical=\u00bb10px\u00bb box_shadow_blur=\u00bb60px\u00bb box_shadow_color=\u00bbrgba(71,74,182,0.12)\u00bb global_colors_info=\u00bb{}\u00bb][et_pb_column_inner saved_specialty_column_type=\u00bb2_3&#8243; module_class=\u00bbet_pb_column_1_2&#8243; _builder_version=\u00bb4.16&#8243; custom_padding=\u00bb|||\u00bb global_colors_info=\u00bb{}\u00bb parallax__hover=\u00bboff\u00bb parallax_method__hover=\u00bbon\u00bb module_class__hover=\u00bbet_pb_column_1_2&#8243; custom_padding__hover=\u00bb|||\u00bb][et_pb_blurb title=\u00bb\u00bfQu\u00e9 hago si tengo problemas con el SIUCE?\u00bb url=\u00bbhttps:\/\/www.sedarauca.edu.co\/wp-content\/uploads\/2023\/08\/Que-hago-si-tengo-problemas-con-el-SIUCE.pdf\u00bb url_new_window=\u00bbon\u00bb image=\u00bbhttps:\/\/www.sedarauca.edu.co\/wp-content\/uploads\/2023\/08\/SequimientoLogo.jpg\u00bb icon_placement=\u00bbleft\u00bb image_icon_width=\u00bb64px\u00bb content_max_width=\u00bb1100px\u00bb _builder_version=\u00bb4.22.0&#8243; header_font=\u00bb|on|||\u00bb header_text_color=\u00bb#2e2545&#8243; header_line_height=\u00bb1.5em\u00bb body_text_color=\u00bb#8585bd\u00bb body_line_height=\u00bb1.9em\u00bb background_color=\u00bb#ffffff\u00bb custom_margin=\u00bb|||\u00bb custom_padding=\u00bb30px|30px|30px|30px\u00bb animation_style=\u00bbzoom\u00bb animation_direction=\u00bbbottom\u00bb animation_intensity_zoom=\u00bb20%\u00bb animation_starting_opacity=\u00bb100%\u00bb link_option_url=\u00bbhttps:\/\/www.sedarauca.edu.co\/wp-content\/uploads\/2023\/08\/Que-hago-si-tengo-problemas-con-el-SIUCE.pdf\u00bb link_option_url_new_window=\u00bbon\u00bb box_shadow_style=\u00bbpreset7&#8243; box_shadow_horizontal=\u00bb-1px\u00bb box_shadow_vertical=\u00bb-1px\u00bb box_shadow_color=\u00bbrgba(71,74,182,0.12)\u00bb image_max_width=\u00bb64px\u00bb locked=\u00bboff\u00bb global_colors_info=\u00bb{}\u00bb]<\/p>\n<p style=\"text-align: justify;\">En caso de tener inconvenientes con el SIUCE tenemos los contactos telef\u00f3nicos nacionales y el correo electr\u00f3nico para realizar la incidencia respectiva de manera directa.<\/p>\n<p>[\/et_pb_blurb][\/et_pb_column_inner][\/et_pb_row_inner][et_pb_row_inner gutter_width=\u00bb1&#8243; _builder_version=\u00bb4.23&#8243; custom_margin=\u00bb||||false|false\u00bb custom_padding=\u00bb0px|0px|0px|0px\u00bb animation_style=\u00bbzoom\u00bb animation_intensity_zoom=\u00bb6%\u00bb border_width_right=\u00bb5px\u00bb border_color_right=\u00bbrgba(214,214,214,0.4)\u00bb border_width_left=\u00bb5px\u00bb border_color_left=\u00bbrgba(214,214,214,0.4)\u00bb box_shadow_style=\u00bbpreset1&#8243; box_shadow_vertical=\u00bb10px\u00bb box_shadow_blur=\u00bb60px\u00bb box_shadow_color=\u00bbrgba(71,74,182,0.12)\u00bb global_colors_info=\u00bb{}\u00bb][et_pb_column_inner saved_specialty_column_type=\u00bb2_3&#8243; module_class=\u00bbet_pb_column_1_2&#8243; _builder_version=\u00bb4.16&#8243; custom_padding=\u00bb|||\u00bb global_colors_info=\u00bb{}\u00bb parallax__hover=\u00bboff\u00bb parallax_method__hover=\u00bbon\u00bb module_class__hover=\u00bbet_pb_column_1_2&#8243; custom_padding__hover=\u00bb|||\u00bb][et_pb_blurb title=\u00bbManual del usuario del SIUCE\u00bb url=\u00bbhttps:\/\/www.sedarauca.edu.co\/wp-content\/uploads\/2023\/08\/MANUAL-DE-USUARIO-SIUCE.pdf\u00bb url_new_window=\u00bbon\u00bb image=\u00bbhttps:\/\/www.sedarauca.edu.co\/wp-content\/uploads\/2023\/08\/manualsiucelogo.jpg\u00bb icon_placement=\u00bbleft\u00bb image_icon_width=\u00bb64px\u00bb content_max_width=\u00bb1100px\u00bb _builder_version=\u00bb4.22.0&#8243; header_font=\u00bb|on|||\u00bb header_text_color=\u00bb#2e2545&#8243; header_line_height=\u00bb1.5em\u00bb body_text_color=\u00bb#8585bd\u00bb body_line_height=\u00bb1.9em\u00bb background_color=\u00bb#ffffff\u00bb custom_margin=\u00bb||||false|false\u00bb custom_padding=\u00bb30px|30px|30px|30px\u00bb animation_style=\u00bbzoom\u00bb animation_direction=\u00bbbottom\u00bb animation_intensity_zoom=\u00bb20%\u00bb animation_starting_opacity=\u00bb100%\u00bb link_option_url=\u00bbhttps:\/\/www.sedarauca.edu.co\/wp-content\/uploads\/2023\/08\/MANUAL-DE-USUARIO-SIUCE.pdf\u00bb link_option_url_new_window=\u00bbon\u00bb box_shadow_style=\u00bbpreset7&#8243; box_shadow_horizontal=\u00bb-1px\u00bb box_shadow_vertical=\u00bb-1px\u00bb box_shadow_color=\u00bbrgba(71,74,182,0.12)\u00bb image_max_width=\u00bb64px\u00bb locked=\u00bboff\u00bb global_colors_info=\u00bb{}\u00bb]<\/p>\n<p style=\"text-align: justify;\"><span>Establece las directrices y procedimientos para el registro y seguimiento de casos de convivencia escolar. Este sistema tiene como objetivo promover y garantizar un ambiente de convivencia pac\u00edfica y respetuosa en las instituciones educativas del pa\u00eds. A trav\u00e9s del manual, se establecen los protocolos de acci\u00f3n, los roles y responsabilidades de cada actor involucrado y se brinda orientaci\u00f3n para la implementaci\u00f3n efectiva del SIUCE.<\/span><\/p>\n<p>[\/et_pb_blurb][\/et_pb_column_inner][\/et_pb_row_inner][et_pb_row_inner gutter_width=\u00bb1&#8243; _builder_version=\u00bb4.23&#8243; custom_margin=\u00bb||||false|false\u00bb custom_padding=\u00bb0px|0px|0px|0px\u00bb animation_style=\u00bbzoom\u00bb animation_intensity_zoom=\u00bb6%\u00bb border_width_right=\u00bb5px\u00bb border_color_right=\u00bbrgba(214,214,214,0.4)\u00bb border_width_left=\u00bb5px\u00bb border_color_left=\u00bbrgba(214,214,214,0.4)\u00bb box_shadow_style=\u00bbpreset1&#8243; box_shadow_vertical=\u00bb10px\u00bb box_shadow_blur=\u00bb60px\u00bb box_shadow_color=\u00bbrgba(71,74,182,0.12)\u00bb global_colors_info=\u00bb{}\u00bb][et_pb_column_inner saved_specialty_column_type=\u00bb2_3&#8243; module_class=\u00bbet_pb_column_1_2&#8243; _builder_version=\u00bb4.16&#8243; custom_padding=\u00bb|||\u00bb global_colors_info=\u00bb{}\u00bb parallax__hover=\u00bboff\u00bb parallax_method__hover=\u00bbon\u00bb module_class__hover=\u00bbet_pb_column_1_2&#8243; custom_padding__hover=\u00bb|||\u00bb][et_pb_blurb title=\u00bbPresentaci\u00f3n Capacitaci\u00f3n Manejo del SIUCE\u00bb url=\u00bbhttps:\/\/www.sedarauca.edu.co\/wp-content\/uploads\/2023\/10\/SIUCE-2023_ARAUCA.pdf\u00bb url_new_window=\u00bbon\u00bb image=\u00bbhttps:\/\/www.sedarauca.edu.co\/wp-content\/uploads\/2023\/10\/ManejoSiuce.jpg\u00bb icon_placement=\u00bbleft\u00bb image_icon_width=\u00bb64px\u00bb content_max_width=\u00bb1100px\u00bb _builder_version=\u00bb4.23&#8243; header_font=\u00bb|on|||\u00bb header_text_color=\u00bb#2e2545&#8243; header_line_height=\u00bb1.5em\u00bb body_text_color=\u00bb#8585bd\u00bb body_line_height=\u00bb1.9em\u00bb background_color=\u00bb#ffffff\u00bb custom_margin=\u00bb||||false|false\u00bb custom_padding=\u00bb30px|30px|30px|30px\u00bb animation_style=\u00bbzoom\u00bb animation_direction=\u00bbbottom\u00bb animation_intensity_zoom=\u00bb20%\u00bb animation_starting_opacity=\u00bb100%\u00bb link_option_url=\u00bbhttps:\/\/www.sedarauca.edu.co\/wp-content\/uploads\/2023\/10\/SIUCE-2023_ARAUCA.pdf\u00bb link_option_url_new_window=\u00bbon\u00bb box_shadow_style=\u00bbpreset7&#8243; box_shadow_horizontal=\u00bb-1px\u00bb box_shadow_vertical=\u00bb-1px\u00bb box_shadow_color=\u00bbrgba(71,74,182,0.12)\u00bb image_max_width=\u00bb64px\u00bb locked=\u00bboff\u00bb global_colors_info=\u00bb{}\u00bb]<\/p>\n<p style=\"text-align: justify;\">De acuerdo a capacitaci\u00f3n sobre el <em>\u201c manejo del Sistema de Informaci\u00f3n Unificado de Convivencia Escolar SUICE\u201d, <\/em>realizado el pasado 24 de octubre de 2023 por\u00a0 La Secretar\u00eda de Educaci\u00f3n Departamental, en articulaci\u00f3n con el\u00a0 Ministerio de Educaci\u00f3n Nacional\u00a0 y la Secretar\u00eda de Educaci\u00f3n Municipal de Arauca, compartimos la presentaci\u00f3n de esta capacitaci\u00f3n con el fin de de que las Instituciones Educativas y Centros Educativos Rurales tanto del Sector publico como privado del Departamento, tengan un soporte para aclarar inquietudes en el manejo del sistema de informaci\u00f3n SIUCE.<\/p>\n<p>[\/et_pb_blurb][\/et_pb_column_inner][\/et_pb_row_inner][et_pb_row_inner _builder_version=\u00bb4.22.0&#8243; _module_preset=\u00bbdefault\u00bb custom_margin=\u00bb-30px||0px||false|false\u00bb border_width_all=\u00bb5px\u00bb border_color_all=\u00bb#F2F2F2&#8243; global_colors_info=\u00bb{}\u00bb][et_pb_column_inner saved_specialty_column_type=\u00bb2_3&#8243; _builder_version=\u00bb4.22.0&#8243; _module_preset=\u00bbdefault\u00bb global_colors_info=\u00bb{}\u00bb][et_pb_video src=\u00bbhttps:\/\/www.youtube.com\/watch?v=yufElh5gWPU\u00bb _builder_version=\u00bb4.22.0&#8243; _module_preset=\u00bbdefault\u00bb global_colors_info=\u00bb{}\u00bb][\/et_pb_video][\/et_pb_column_inner][\/et_pb_row_inner][\/et_pb_column][\/et_pb_section][et_pb_section fb_built=\u00bb1&#8243; _builder_version=\u00bb4.21.0&#8243; _module_preset=\u00bbdefault\u00bb custom_margin=\u00bb-100px||-30px||false|false\u00bb global_colors_info=\u00bb{}\u00bb][et_pb_row _builder_version=\u00bb4.21.0&#8243; _module_preset=\u00bbdefault\u00bb custom_margin=\u00bb-50px||||false|false\u00bb global_colors_info=\u00bb{}\u00bb][et_pb_column type=\u00bb4_4&#8243; _builder_version=\u00bb4.21.0&#8243; _module_preset=\u00bbdefault\u00bb global_colors_info=\u00bb{}\u00bb][et_pb_divider color=\u00bb#8300E9&#8243; divider_style=\u00bbdouble\u00bb divider_position=\u00bbcenter\u00bb _builder_version=\u00bb4.21.0&#8243; _module_preset=\u00bbdefault\u00bb border_radii=\u00bbon|30px|30px|30px|30px\u00bb global_colors_info=\u00bb{}\u00bb][\/et_pb_divider][\/et_pb_column][\/et_pb_row][et_pb_row column_structure=\u00bb1_3,1_3,1_3&#8243; _builder_version=\u00bb4.21.0&#8243; _module_preset=\u00bbdefault\u00bb global_colors_info=\u00bb{}\u00bb][et_pb_column type=\u00bb1_3&#8243; _builder_version=\u00bb4.21.0&#8243; _module_preset=\u00bbdefault\u00bb global_colors_info=\u00bb{}\u00bb][\/et_pb_column][et_pb_column type=\u00bb1_3&#8243; _builder_version=\u00bb4.21.0&#8243; _module_preset=\u00bbdefault\u00bb global_colors_info=\u00bb{}\u00bb][\/et_pb_column][et_pb_column type=\u00bb1_3&#8243; _builder_version=\u00bb4.21.0&#8243; _module_preset=\u00bbdefault\u00bb global_colors_info=\u00bb{}\u00bb][et_pb_button button_url=\u00bbhttps:\/\/www.sedarauca.edu.co\/index.php\/calidad-educativa-2\/\u00bb button_text=\u00bbRegresar a Calidad Educativa\u00bb button_alignment=\u00bbright\u00bb admin_label=\u00bbRegresar a Calidad Educativa\u00bb _builder_version=\u00bb4.21.0&#8243; _module_preset=\u00bbdefault\u00bb custom_button=\u00bbon\u00bb button_text_color=\u00bb#FFFFFF\u00bb button_bg_color=\u00bb#0C71C3&#8243; button_border_width=\u00bb0px\u00bb button_border_color=\u00bb#7272ff\u00bb button_border_radius=\u00bb30px\u00bb button_letter_spacing=\u00bb0px\u00bb button_font=\u00bb|300|||||||\u00bb button_icon=\u00bb&#xf0e2;||fa||900&#8243; global_colors_info=\u00bb{}\u00bb][\/et_pb_button][\/et_pb_column][\/et_pb_row][\/et_pb_section]<\/p>\n","protected":false},"excerpt":{"rendered":"<p>SIUCEEl Sistema de Informaci\u00f3n Unificado de Convivencia Escolar (SIUCE) es una plataforma o herramienta para recopilar, gestionar y analizar datos relacionados con la convivencia escolar en las instituciones educativas del pa\u00eds. El SIUCE tiene como finalidad proporcionar informaci\u00f3n relevante y oportuna sobre distintos aspectos relacionados con la convivencia escolar, como casos de violencia, acoso, discriminaci\u00f3n [&hellip;]<\/p>\n","protected":false},"author":1,"featured_media":0,"parent":0,"menu_order":0,"comment_status":"closed","ping_status":"closed","template":"","meta":{"_et_pb_use_builder":"on","_et_pb_old_content":"","_et_gb_content_width":"","footnotes":""},"class_list":["post-6784","page","type-page","status-publish","hentry"],"_links":{"self":[{"href":"https:\/\/www.sedarauca.edu.co\/index.php\/wp-json\/wp\/v2\/pages\/6784","targetHints":{"allow":["GET"]}}],"collection":[{"href":"https:\/\/www.sedarauca.edu.co\/index.php\/wp-json\/wp\/v2\/pages"}],"about":[{"href":"https:\/\/www.sedarauca.edu.co\/index.php\/wp-json\/wp\/v2\/types\/page"}],"author":[{"embeddable":true,"href":"https:\/\/www.sedarauca.edu.co\/index.php\/wp-json\/wp\/v2\/users\/1"}],"replies":[{"embeddable":true,"href":"https:\/\/www.sedarauca.edu.co\/index.php\/wp-json\/wp\/v2\/comments?post=6784"}],"version-history":[{"count":23,"href":"https:\/\/www.sedarauca.edu.co\/index.php\/wp-json\/wp\/v2\/pages\/6784\/revisions"}],"predecessor-version":[{"id":8685,"href":"https:\/\/www.sedarauca.edu.co\/index.php\/wp-json\/wp\/v2\/pages\/6784\/revisions\/8685"}],"wp:attachment":[{"href":"https:\/\/www.sedarauca.edu.co\/index.php\/wp-json\/wp\/v2\/media?parent=6784"}],"curies":[{"name":"wp","href":"https:\/\/api.w.org\/{rel}","templated":true}]}}