{"id":631,"date":"2022-09-24T17:16:13","date_gmt":"2022-09-24T22:16:13","guid":{"rendered":"http:\/\/www.sedarauca.edu.co\/?page_id=631"},"modified":"2026-02-23T17:25:46","modified_gmt":"2026-02-23T22:25:46","slug":"ies-arauca","status":"publish","type":"page","link":"https:\/\/www.sedarauca.edu.co\/index.php\/ies-arauca\/","title":{"rendered":"IEs Arauca"},"content":{"rendered":"<p>[et_pb_section fb_built=\u00bb1&#8243; admin_label=\u00bbFAQ\u00bb _builder_version=\u00bb4.18.0&#8243; vertical_offset=\u00bb-120px\u00bb min_height=\u00bb1533.3px\u00bb custom_padding=\u00bb100px|0px|31px|0px|false|false\u00bb global_colors_info=\u00bb{}\u00bb][et_pb_row _builder_version=\u00bb4.16&#8243; custom_margin=\u00bb|||\u00bb custom_padding=\u00bb|||\u00bb global_colors_info=\u00bb{}\u00bb][et_pb_column type=\u00bb4_4&#8243; _builder_version=\u00bb4.16&#8243; custom_padding=\u00bb|||\u00bb global_colors_info=\u00bb{}\u00bb custom_padding__hover=\u00bb|||\u00bb][et_pb_text _builder_version=\u00bb4.16&#8243; text_font=\u00bbShare Tech||||||||\u00bb text_text_color=\u00bbrgba(0,0,0,0.02)\u00bb text_font_size=\u00bb100px\u00bb text_line_height=\u00bb0.2em\u00bb header_font=\u00bb||||||||\u00bb header_2_font=\u00bbShare Tech||||||||\u00bb header_2_font_size=\u00bb48px\u00bb header_2_line_height=\u00bb1.4em\u00bb text_orientation=\u00bbcenter\u00bb custom_margin=\u00bb||30px||false\u00bb custom_margin_tablet=\u00bb||0px|\u00bb custom_margin_phone=\u00bb\u00bb custom_margin_last_edited=\u00bbon|tablet\u00bb text_font_size_tablet=\u00bb80px\u00bb text_font_size_phone=\u00bb60px\u00bb text_font_size_last_edited=\u00bbon|desktop\u00bb header_2_font_size_tablet=\u00bb\u00bb header_2_font_size_phone=\u00bb36px\u00bb header_2_font_size_last_edited=\u00bbon|phone\u00bb global_colors_info=\u00bb{}\u00bb]<\/p>\n<blockquote><\/blockquote>\n<h2>Instituciones Educativas del municipio de Arauca<\/h2>\n<p>[\/et_pb_text][\/et_pb_column][\/et_pb_row][et_pb_row admin_label=\u00bbFAQ Row\u00bb _builder_version=\u00bb4.18.0&#8243; z_index=\u00bb0&#8243; global_colors_info=\u00bb{}\u00bb][et_pb_column type=\u00bb4_4&#8243; _builder_version=\u00bb4.16&#8243; custom_padding=\u00bb|||\u00bb global_colors_info=\u00bb{}\u00bb custom_padding__hover=\u00bb|||\u00bb][et_pb_toggle title=\u00bbC.E. El Tr\u00e1nsito\u00bb open_toggle_background_color=\u00bbrgba(0,0,0,0)\u00bb closed_toggle_background_color=\u00bbrgba(0,0,0,0)\u00bb _builder_version=\u00bb4.19.4&#8243; title_font=\u00bbShare Tech||||||||\u00bb background_color=\u00bb#f1f1f1&#8243; custom_margin=\u00bb|||\u00bb custom_padding=\u00bb|||\u00bb locked=\u00bboff\u00bb global_colors_info=\u00bb{}\u00bb]<\/p>\n<p><em>Rector:<\/em> Lina Esmeralda Fl\u00f3rez Perdomo<br \/><em>Sede:<\/em> El Tr\u00e1nsito<br \/><em>Direcci\u00f3n:<\/em> Vda. Ca\u00f1as Bravas<br \/><em>Correo electr\u00f3nico:<\/em> <a href=\"mailto:director.cetransito@sedarauca.edu.co\">director.cetransito@sedarauca.edu.co<\/a>\u00a0<\/p>\n<p>[\/et_pb_toggle][et_pb_toggle title=\u00bbC.E. Ind\u00edgena Hitnu Las Vegas\u00bb open_toggle_background_color=\u00bbrgba(0,0,0,0)\u00bb closed_toggle_background_color=\u00bbrgba(0,0,0,0)\u00bb _builder_version=\u00bb4.19.4&#8243; title_font=\u00bbShare Tech||||||||\u00bb background_color=\u00bb#f1f1f1&#8243; custom_margin=\u00bb|||\u00bb custom_padding=\u00bb|||\u00bb locked=\u00bboff\u00bb global_colors_info=\u00bb{}\u00bb]<\/p>\n<p><em>Rector:<\/em>\u00a0<br \/><em>Sede:<\/em> Las Vegas<br \/><em>Direcci\u00f3n:<\/em>\u00a0<br \/><em>Correo electr\u00f3nico:<\/em> <a href=\"mailto:director.cehitnuvegas@sedarauca.edu.co\">director.cehitnuvegas@sedarauca.edu.co<\/a>\u00a0<\/p>\n<p>[\/et_pb_toggle][et_pb_toggle title=\u00bbC.E. Ind\u00edgena Sikuani Playeros\u00bb open_toggle_background_color=\u00bbrgba(0,0,0,0)\u00bb closed_toggle_background_color=\u00bbrgba(0,0,0,0)\u00bb _builder_version=\u00bb4.18.0&#8243; title_font=\u00bbShare Tech||||||||\u00bb background_color=\u00bb#f1f1f1&#8243; custom_margin=\u00bb|||\u00bb custom_padding=\u00bb|||\u00bb locked=\u00bboff\u00bb global_colors_info=\u00bb{}\u00bb]<\/p>\n<p><em>Rector:<\/em> Jorge Yance Blanco<br \/><em>Sede:<\/em> Matecandela<br \/><em>Direcci\u00f3n:<\/em> Resg. Ind\u00edgena Matecandela<br \/><em>Correo electr\u00f3nico:<\/em> <a href=\"mailto:director.cesikuanip@sedarauca.edu.co\">director.cesikuanip@sedarauca.edu.co<\/a>\u00a0<\/p>\n<p>[\/et_pb_toggle][et_pb_toggle title=\u00bbC.E. Monserrate\u00bb open_toggle_background_color=\u00bbrgba(0,0,0,0)\u00bb closed_toggle_background_color=\u00bbrgba(0,0,0,0)\u00bb _builder_version=\u00bb4.16&#8243; title_font=\u00bbShare Tech||||||||\u00bb background_color=\u00bb#f1f1f1&#8243; custom_margin=\u00bb|||\u00bb custom_padding=\u00bb|||\u00bb locked=\u00bboff\u00bb global_colors_info=\u00bb{}\u00bb]<\/p>\n<p><em>Rector:<\/em> Rafael Vianney D\u00edaz Contreras<br \/><em>Sede:<\/em> Monserrate<br \/><em>Direcci\u00f3n:<\/em> Vda. Monserrate<br \/><em>Correo electr\u00f3nico:<\/em> <a href=\"mailto:director.cemonserrate@sedarauca.edu.co\">director.cemonserrate@sedarauca.edu.co<\/a>\u00a0<\/p>\n<p>[\/et_pb_toggle][et_pb_toggle title=\u00bbI.E. Agropecuario Municipal Araucano\u00bb open_toggle_background_color=\u00bbrgba(0,0,0,0)\u00bb closed_toggle_background_color=\u00bbrgba(0,0,0,0)\u00bb _builder_version=\u00bb4.16&#8243; title_font=\u00bbShare Tech||||||||\u00bb background_color=\u00bb#f1f1f1&#8243; custom_margin=\u00bb|||\u00bb custom_padding=\u00bb||20px|||\u00bb locked=\u00bboff\u00bb global_colors_info=\u00bb{}\u00bb]<\/p>\n<p><em>Rector:<\/em> Carlos Eduardo Ram\u00edrez Osorio<br \/><em>Sede:<\/em> Agropecuario Municipal Araucano<br \/><em>Direcci\u00f3n:<\/em> KM 7 V\u00eda Ca\u00f1o Lim\u00f3n<br \/><em>Correo electr\u00f3nico:<\/em> <a href=\"mailto:rector.ieagromun@sedarauca.edu.co\">rector.ieagromun@sedarauca.edu.co<\/a>\u00a0<\/p>\n<p>[\/et_pb_toggle][et_pb_toggle title=\u00bbI.E. Francisco Jos\u00e9 de Caldas\u00bb open_toggle_background_color=\u00bbrgba(0,0,0,0)\u00bb closed_toggle_background_color=\u00bbrgba(0,0,0,0)\u00bb _builder_version=\u00bb4.18.0&#8243; title_font=\u00bbShare Tech||||||||\u00bb background_color=\u00bb#f1f1f1&#8243; custom_margin=\u00bb|||\u00bb custom_padding=\u00bb|||\u00bb locked=\u00bboff\u00bb global_colors_info=\u00bb{}\u00bb]<\/p>\n<p><a href=\"https:\/\/caldasarauca.edu.co\/\" target=\"_blank\" rel=\"noopener\"><strong><em>P\u00e1gina web<\/em><\/strong><\/a><br \/><em>Rector:<\/em> Jorge Esgardo Contreras Mart\u00ednez<br \/><em>Sede:<\/em> Francisco Jos\u00e9 de Caldas<br \/><em>Direcci\u00f3n:<\/em> Cl. 7 No 11-53 B. San Carlos<br \/><em>Correo electr\u00f3nico:<\/em> <a href=\"mailto:rector.iecaldasara@sedarauca.edu.co\">rector.iecaldasara@sedarauca.edu.co<\/a>\u00a0<\/p>\n<p>.<\/p>\n<p>[\/et_pb_toggle][et_pb_toggle title=\u00bbI.E. General Santander Bachillerato\u00bb open_toggle_background_color=\u00bbrgba(0,0,0,0)\u00bb closed_toggle_background_color=\u00bbrgba(0,0,0,0)\u00bb _builder_version=\u00bb4.16&#8243; title_font=\u00bbShare Tech||||||||\u00bb background_color=\u00bb#f1f1f1&#8243; custom_margin=\u00bb|||\u00bb custom_padding=\u00bb|||\u00bb locked=\u00bboff\u00bb global_colors_info=\u00bb{}\u00bb]<\/p>\n<p><em>Rector:<\/em> Manuel de Jes\u00fas Prado Torres<br \/><em>Sede:<\/em> General Santander Bachillerato<br \/><em>Direcci\u00f3n:<\/em> Cl. 1 No 8 &#8211; 260 B. San Carlos<br \/><em>Correo electr\u00f3nico:<\/em> <a href=\"mailto:rector.iesantander@sedarauca.edu.co\">rector.iesantander@sedarauca.edu.co<\/a>\u00a0<\/p>\n<p>[\/et_pb_toggle][et_pb_toggle title=\u00bbI.E. Gustavo Villa D\u00edaz\u00bb open_toggle_background_color=\u00bbrgba(0,0,0,0)\u00bb closed_toggle_background_color=\u00bbrgba(0,0,0,0)\u00bb _builder_version=\u00bb4.23.2&#8243; title_font=\u00bbShare Tech||||||||\u00bb background_color=\u00bb#f1f1f1&#8243; custom_margin=\u00bb|||\u00bb custom_padding=\u00bb|||\u00bb locked=\u00bboff\u00bb global_colors_info=\u00bb{}\u00bb]<\/p>\n<p><em>Rector:<\/em> <span>Johana Sof\u00eda Su\u00e1rez Ropero<\/span><br \/><em>Sede:<\/em> Gustavo Villa D\u00edaz<br \/><em>Direcci\u00f3n:<\/em> <span>Carrera 15 No.12 &#8211; 97, Barrio Meridiano 70<\/span><br \/><em>Correo electr\u00f3nico:<\/em> <a href=\"mailto:rector.iegustavovilla@sedarauca.edu.co\">rector.iegustavovilla@sedarauca.edu.co<\/a><\/p>\n<p>[\/et_pb_toggle][et_pb_toggle title=\u00bbI.E. Jos\u00e9 Asunci\u00f3n Silva\u00bb open_toggle_background_color=\u00bbrgba(0,0,0,0)\u00bb closed_toggle_background_color=\u00bbrgba(0,0,0,0)\u00bb _builder_version=\u00bb4.23&#8243; title_font=\u00bbShare Tech||||||||\u00bb background_color=\u00bb#f1f1f1&#8243; custom_margin=\u00bb|||\u00bb custom_padding=\u00bb|||\u00bb locked=\u00bboff\u00bb global_colors_info=\u00bb{}\u00bb]<\/p>\n<p><em>Rector:<\/em> Jorge Alfonso Camargo Rosado<br \/><em>Sede:<\/em> Jos\u00e9 Asunci\u00f3n Silva<br \/><em>Direcci\u00f3n:<\/em> Km 35 V\u00eda Ca\u00f1o Lim\u00f3n<br \/><em>Correo electr\u00f3nico:<\/em> <a href=\"mailto:rector.iejsilva@sedarauca.edu.co\">rector.iejsilva@sedarauca.edu.co<\/a><\/p>\n<p>[\/et_pb_toggle][et_pb_toggle title=\u00bbI.E. Matecandela\u00bb open_toggle_background_color=\u00bbrgba(0,0,0,0)\u00bb closed_toggle_background_color=\u00bbrgba(0,0,0,0)\u00bb _builder_version=\u00bb4.16&#8243; title_font=\u00bbShare Tech||||||||\u00bb background_color=\u00bb#f1f1f1&#8243; custom_margin=\u00bb|||\u00bb custom_padding=\u00bb|||\u00bb locked=\u00bboff\u00bb global_colors_info=\u00bb{}\u00bb]<\/p>\n<p><em>Rector:<\/em> Ever Segundo Rivera Tejada<br \/><em>Sede:<\/em> Matecandela<br \/><em>Direcci\u00f3n:<\/em> Vda. Barranc\u00f3n<br \/><em>Correo electr\u00f3nico:<\/em> <a href=\"mailto:rector.iematecandela@sedarauca.edu.co\">rector.iematecandela@sedarauca.edu.co<\/a>\u00a0<\/p>\n<p>[\/et_pb_toggle][et_pb_toggle title=\u00bbI.E. Normal Superior Mar\u00eda Inmaculada\u00bb open_toggle_background_color=\u00bbrgba(0,0,0,0)\u00bb closed_toggle_background_color=\u00bbrgba(0,0,0,0)\u00bb _builder_version=\u00bb4.18.0&#8243; title_font=\u00bbShare Tech||||||||\u00bb background_color=\u00bb#f1f1f1&#8243; custom_margin=\u00bb|||\u00bb custom_padding=\u00bb|||\u00bb locked=\u00bboff\u00bb global_colors_info=\u00bb{}\u00bb]<\/p>\n<p><a href=\"https:\/\/normalarauca.edu.co\/\" target=\"_blank\" rel=\"noopener\"><strong><em>P\u00e1gina web<\/em><\/strong><\/a><strong><br \/><\/strong><em>Rector:<\/em> Sor. Cecilia Triana Gonz\u00e1lez<br \/><em>Sede:<\/em> Normal Superior Mar\u00eda Inmaculada<br \/><em>Direcci\u00f3n:<\/em> Cra. 20 No 20-26 B. El Centro<br \/><em>Correo electr\u00f3nico:<\/em> <a href=\"mailto:rector.ienormal@sedarauca.edu.co\">rector.ienormal@sedarauca.edu.co<\/a><\/p>\n<p>[\/et_pb_toggle][et_pb_toggle title=\u00bbI.E. Santa Teresita\u00bb open_toggle_background_color=\u00bbrgba(0,0,0,0)\u00bb closed_toggle_background_color=\u00bbrgba(0,0,0,0)\u00bb _builder_version=\u00bb4.18.0&#8243; title_font=\u00bbShare Tech||||||||\u00bb background_color=\u00bb#f1f1f1&#8243; custom_margin=\u00bb|||\u00bb custom_padding=\u00bb|||\u00bb locked=\u00bboff\u00bb global_colors_info=\u00bb{}\u00bb]<\/p>\n<p><em><a href=\"http:\/\/www.santateresita.edu.co\/\" target=\"_blank\" rel=\"noopener\"><strong>P\u00e1gina web<\/strong><\/a><br \/>Rector:<\/em> Nelson Gauta Jaimes<br \/><em>Sede:<\/em> Santa Teresita<br \/><em>Direcci\u00f3n:<\/em> Cl. 14 No 23-27 B. Sta Teresita<br \/><em>Correo electr\u00f3nico:<\/em> <a href=\"mailto:rector.iesantateresita@sedarauca.edu.co\">rector.iesantateresita@sedarauca.edu.co<\/a>\u00a0<\/p>\n<p>[\/et_pb_toggle][et_pb_toggle title=\u00bbI.E. Santo \u00c1ngel\u00bb open_toggle_background_color=\u00bbrgba(0,0,0,0)\u00bb closed_toggle_background_color=\u00bbrgba(0,0,0,0)\u00bb _builder_version=\u00bb4.27.5&#8243; title_font=\u00bbShare Tech||||||||\u00bb background_color=\u00bb#f1f1f1&#8243; custom_margin=\u00bb|||\u00bb custom_padding=\u00bb|||\u00bb hover_enabled=\u00bb0&#8243; locked=\u00bboff\u00bb global_colors_info=\u00bb{}\u00bb sticky_enabled=\u00bb0&#8243;]<\/p>\n<p><em>Rector:<\/em> Rosa Xiomara Ram\u00edrez Claro<br \/><em>Sede:<\/em> Santo \u00c1ngel<br \/><em>Direcci\u00f3n:<\/em> Vda. La Panchera<br \/><em>Correo electr\u00f3nico:<\/em> <a href=\"mailto:rector.iesantoangel@sedarauca.edu.co\">rector.iesantoangel@sedarauca.edu.co<\/a><\/p>\n<p>[\/et_pb_toggle][et_pb_toggle title=\u00bbI.E. T\u00e9cnico Cristo Rey\u00bb open_toggle_background_color=\u00bbrgba(0,0,0,0)\u00bb closed_toggle_background_color=\u00bbrgba(0,0,0,0)\u00bb _builder_version=\u00bb4.18.0&#8243; title_font=\u00bbShare Tech||||||||\u00bb background_color=\u00bb#f1f1f1&#8243; custom_margin=\u00bb|||\u00bb custom_padding=\u00bb|||\u00bb locked=\u00bboff\u00bb global_colors_info=\u00bb{}\u00bb]<\/p>\n<p><strong><em><a href=\"https:\/\/www.institucioneducativacristorey.com.co\/\" target=\"_blank\" rel=\"noopener\">P\u00e1gina web<\/a><br \/><\/em><\/strong><em>Rector:<\/em> William Ar\u00e9valo Quintero<br \/><em>Sede:<\/em> T\u00e9cnico Cristo Rey<br \/><em>Direcci\u00f3n:<\/em> Cl. 18 No 15-105 B. Cristo Rey<br \/><em>Correo electr\u00f3nico:<\/em> <a href=\"mailto:rector.iecristorey@sedarauca.edu.co\">rector.iecristorey@sedarauca.edu.co<\/a>\u00a0<\/p>\n<p>[\/et_pb_toggle][et_pb_toggle title=\u00bbI.E. T\u00e9cnico Sim\u00f3n Bol\u00edvar\u00bb open_toggle_background_color=\u00bbrgba(0,0,0,0)\u00bb closed_toggle_background_color=\u00bbrgba(0,0,0,0)\u00bb _builder_version=\u00bb4.18.0&#8243; title_font=\u00bbShare Tech||||||||\u00bb background_color=\u00bb#f1f1f1&#8243; custom_margin=\u00bb|||\u00bb custom_padding=\u00bb|||\u00bb locked=\u00bboff\u00bb global_colors_info=\u00bb{}\u00bb]<\/p>\n<p><a href=\"https:\/\/institucionsimonbolivar.edu.co\/\" target=\"_blank\" rel=\"noopener\"><strong><em>P\u00e1gina web<\/em><\/strong><\/a><strong><br \/><\/strong><em>Rector:<\/em> Janeth Osses Barrera<br \/><em>Sede:<\/em> Sim\u00f3n Bol\u00edvar<br \/><em>Direcci\u00f3n:<\/em> Cra. 20 N. 29-25 B. Libertadores<br \/><em>Correo electr\u00f3nico:<\/em> <a href=\"mailto:rector.iesimonbolivar@sedarauca.edu.co\">rector.iesimonbolivar@sedarauca.edu.co<\/a>\u00a0<\/p>\n<p>[\/et_pb_toggle][\/et_pb_column][\/et_pb_row][\/et_pb_section][et_pb_section fb_built=\u00bb1&#8243; use_custom_gutter=\u00bbon\u00bb gutter_width=\u00bb2&#8243; specialty=\u00bbon\u00bb padding_top_1=\u00bb0px\u00bb padding_top_2=\u00bb0px\u00bb padding_bottom_1=\u00bb0px\u00bb padding_bottom_2=\u00bb0px\u00bb padding_top_bottom_link_1=\u00bbtrue\u00bb padding_top_bottom_link_2=\u00bbtrue\u00bb admin_label=\u00bbButton Row\u00bb _builder_version=\u00bb4.16&#8243; inner_width=\u00bb100%\u00bb inner_max_width=\u00bb100%\u00bb custom_margin=\u00bb-146px||-36px|||\u00bb custom_padding=\u00bb0px||0px|||\u00bb use_custom_width=\u00bbon\u00bb width_unit=\u00bboff\u00bb custom_width_percent=\u00bb100%\u00bb global_colors_info=\u00bb{}\u00bb][et_pb_column type=\u00bb1_2&#8243; specialty_columns=\u00bb2&#8243; _builder_version=\u00bb4.16&#8243; custom_padding=\u00bb|||\u00bb global_colors_info=\u00bb{}\u00bb custom_padding__hover=\u00bb|||\u00bb][et_pb_row_inner column_structure=\u00bb1_2,1_2&#8243; custom_padding_last_edited=\u00bbon|desktop\u00bb _builder_version=\u00bb4.16&#8243; custom_padding=\u00bb0|0px|0|25%|true|false\u00bb custom_padding_tablet=\u00bb|10%||10%||true\u00bb custom_padding_phone=\u00bb\u00bb locked=\u00bboff\u00bb global_colors_info=\u00bb{}\u00bb][et_pb_column_inner type=\u00bb1_2&#8243; saved_specialty_column_type=\u00bb1_2&#8243; _builder_version=\u00bb4.16&#8243; custom_padding=\u00bb|||\u00bb global_colors_info=\u00bb{}\u00bb custom_padding__hover=\u00bb|||\u00bb][et_pb_button button_text=\u00bbDECRETOS\u00bb button_alignment=\u00bbcenter\u00bb _builder_version=\u00bb4.18.0&#8243; custom_button=\u00bbon\u00bb button_text_size=\u00bb14px\u00bb button_text_color=\u00bb#ffffff\u00bb button_bg_color=\u00bb#51b0ff\u00bb button_bg_color_gradient_direction=\u00bb90deg\u00bb button_bg_color_gradient_stops=\u00bb#ffa727 0%|#FF8A3D 100%\u00bb button_bg_color_gradient_start=\u00bb#ffa727&#8243; button_bg_color_gradient_end=\u00bb#FF8A3D\u00bb button_border_width=\u00bb0px\u00bb button_border_radius=\u00bb100px\u00bb button_letter_spacing=\u00bb5px\u00bb button_font=\u00bbOpen Sans|700||on|||||\u00bb button_use_icon=\u00bboff\u00bb custom_padding=\u00bb23px|24px|23px|24px|true|true\u00bb animation_style=\u00bbslide\u00bb animation_direction=\u00bbright\u00bb animation_intensity_slide=\u00bb70%\u00bb button_border_radius_hover=\u00bb100px\u00bb button_letter_spacing_hover=\u00bb5px\u00bb button_bg_color_hover=\u00bb#3980f9&#8243; locked=\u00bboff\u00bb global_colors_info=\u00bb{}\u00bb button_text_size__hover_enabled=\u00bboff\u00bb button_one_text_size__hover_enabled=\u00bboff\u00bb button_two_text_size__hover_enabled=\u00bboff\u00bb button_text_color__hover_enabled=\u00bboff\u00bb button_one_text_color__hover_enabled=\u00bboff\u00bb button_two_text_color__hover_enabled=\u00bboff\u00bb button_border_width__hover_enabled=\u00bboff\u00bb button_one_border_width__hover_enabled=\u00bboff\u00bb button_two_border_width__hover_enabled=\u00bboff\u00bb button_border_color__hover_enabled=\u00bboff\u00bb button_one_border_color__hover_enabled=\u00bboff\u00bb button_two_border_color__hover_enabled=\u00bboff\u00bb button_border_radius__hover_enabled=\u00bbon\u00bb button_border_radius__hover=\u00bb100px\u00bb button_one_border_radius__hover_enabled=\u00bboff\u00bb button_two_border_radius__hover_enabled=\u00bboff\u00bb button_letter_spacing__hover_enabled=\u00bbon\u00bb button_letter_spacing__hover=\u00bb5px\u00bb button_one_letter_spacing__hover_enabled=\u00bboff\u00bb button_two_letter_spacing__hover_enabled=\u00bboff\u00bb button_bg_color__hover_enabled=\u00bbon\u00bb button_bg_color__hover=\u00bb#3980f9&#8243; button_one_bg_color__hover_enabled=\u00bboff\u00bb button_two_bg_color__hover_enabled=\u00bboff\u00bb][\/et_pb_button][\/et_pb_column_inner][et_pb_column_inner type=\u00bb1_2&#8243; saved_specialty_column_type=\u00bb1_2&#8243; _builder_version=\u00bb4.16&#8243; custom_padding=\u00bb|||\u00bb global_colors_info=\u00bb{}\u00bb custom_padding__hover=\u00bb|||\u00bb][et_pb_button button_text=\u00bbRESOLUCIONES\u00bb button_alignment=\u00bbcenter\u00bb _builder_version=\u00bb4.18.0&#8243; custom_button=\u00bbon\u00bb button_text_size=\u00bb14px\u00bb button_text_color=\u00bb#ffffff\u00bb button_bg_color=\u00bb#2573f9&#8243; button_bg_color_gradient_direction=\u00bb90deg\u00bb button_bg_color_gradient_stops=\u00bb#ffa727 0%|#FF8A3D 100%\u00bb button_bg_color_gradient_start=\u00bb#ffa727&#8243; button_bg_color_gradient_end=\u00bb#FF8A3D\u00bb button_border_width=\u00bb0px\u00bb button_border_radius=\u00bb100px\u00bb button_letter_spacing=\u00bb5px\u00bb button_font=\u00bbOpen Sans|700||on|||||\u00bb button_use_icon=\u00bboff\u00bb custom_padding=\u00bb23px|24px|23px|24px|true|true\u00bb animation_style=\u00bbslide\u00bb animation_direction=\u00bbright\u00bb button_border_radius_hover=\u00bb100px\u00bb button_letter_spacing_hover=\u00bb5px\u00bb button_bg_color_hover=\u00bb#3980f9&#8243; locked=\u00bboff\u00bb global_colors_info=\u00bb{}\u00bb button_text_size__hover_enabled=\u00bboff\u00bb button_one_text_size__hover_enabled=\u00bboff\u00bb button_two_text_size__hover_enabled=\u00bboff\u00bb button_text_color__hover_enabled=\u00bboff\u00bb button_one_text_color__hover_enabled=\u00bboff\u00bb button_two_text_color__hover_enabled=\u00bboff\u00bb button_border_width__hover_enabled=\u00bboff\u00bb button_one_border_width__hover_enabled=\u00bboff\u00bb button_two_border_width__hover_enabled=\u00bboff\u00bb button_border_color__hover_enabled=\u00bboff\u00bb button_one_border_color__hover_enabled=\u00bboff\u00bb button_two_border_color__hover_enabled=\u00bboff\u00bb button_border_radius__hover_enabled=\u00bbon\u00bb button_border_radius__hover=\u00bb100px\u00bb button_one_border_radius__hover_enabled=\u00bboff\u00bb button_two_border_radius__hover_enabled=\u00bboff\u00bb button_letter_spacing__hover_enabled=\u00bbon\u00bb button_letter_spacing__hover=\u00bb5px\u00bb button_one_letter_spacing__hover_enabled=\u00bboff\u00bb button_two_letter_spacing__hover_enabled=\u00bboff\u00bb button_bg_color__hover_enabled=\u00bbon\u00bb button_bg_color__hover=\u00bb#3980f9&#8243; button_one_bg_color__hover_enabled=\u00bboff\u00bb button_two_bg_color__hover_enabled=\u00bboff\u00bb][\/et_pb_button][\/et_pb_column_inner][\/et_pb_row_inner][\/et_pb_column][et_pb_column type=\u00bb1_2&#8243; _builder_version=\u00bb4.16&#8243; custom_padding=\u00bb|||\u00bb global_colors_info=\u00bb{}\u00bb custom_padding__hover=\u00bb|||\u00bb][et_pb_blurb title=\u00bbNOMBRAMIENTOS\u00bb url=\u00bb#\u00bb content_max_width=\u00bb1100px\u00bb content_max_width_last_edited=\u00bboff|desktop\u00bb _builder_version=\u00bb4.16&#8243; header_font=\u00bbOpen Sans|700||on|||||\u00bb header_font_size=\u00bb14px\u00bb header_letter_spacing=\u00bb5px\u00bb header_line_height=\u00bb2em\u00bb body_font=\u00bb||||||||\u00bb background_color=\u00bb#2573f9&#8243; use_background_color_gradient=\u00bbon\u00bb background_color_gradient_direction=\u00bb90deg\u00bb background_color_gradient_stops=\u00bb#2573f9 0%|#ffffff 100%\u00bb background_color_gradient_start=\u00bb#2573f9&#8243; background_color_gradient_end=\u00bb#ffffff\u00bb background_layout=\u00bbdark\u00bb custom_padding=\u00bb20px|40px|12px|40px|false|true\u00bb animation_style=\u00bbslide\u00bb animation_direction=\u00bbright\u00bb animation_intensity_slide=\u00bb5%\u00bb border_radii=\u00bb|100px|||100px\u00bb locked=\u00bboff\u00bb global_colors_info=\u00bb{}\u00bb][\/et_pb_blurb][\/et_pb_column][\/et_pb_section][et_pb_section fb_built=\u00bb1&#8243; custom_padding_last_edited=\u00bboff|desktop\u00bb admin_label=\u00bbFooter\u00bb _builder_version=\u00bb4.18.0&#8243; use_background_color_gradient=\u00bbon\u00bb background_color_gradient_direction=\u00bb140deg\u00bb background_color_gradient_stops=\u00bb#004872 0%|rgba(41,17,96,0.8) 100%\u00bb background_color_gradient_overlays_image=\u00bbon\u00bb background_color_gradient_start=\u00bb#004872&#8243; background_color_gradient_end=\u00bbrgba(41,17,96,0.8)\u00bb background_image=\u00bbhttps:\/\/www.sedarauca.edu.co\/wp-content\/uploads\/2022\/06\/it-services-04.jpg\u00bb positioning=\u00bbnone\u00bb width=\u00bb100%\u00bb max_width=\u00bb100%\u00bb min_height=\u00bb-200px\u00bb height=\u00bb-200px\u00bb max_height=\u00bb100px\u00bb custom_margin=\u00bb-2px|||||\u00bb custom_padding=\u00bb50px|0px|50px|0px|true|false\u00bb custom_padding_tablet=\u00bb10vw||10vw||true\u00bb custom_padding_phone=\u00bb5vw||5vw||true\u00bb locked=\u00bboff\u00bb global_colors_info=\u00bb{}\u00bb][\/et_pb_section]<\/p>\n","protected":false},"excerpt":{"rendered":"<p>Instituciones Educativas del municipio de AraucaRector: Lina Esmeralda Fl\u00f3rez PerdomoSede: El Tr\u00e1nsitoDirecci\u00f3n: Vda. Ca\u00f1as BravasCorreo electr\u00f3nico: director.cetransito@sedarauca.edu.co\u00a0Rector:\u00a0Sede: Las VegasDirecci\u00f3n:\u00a0Correo electr\u00f3nico: director.cehitnuvegas@sedarauca.edu.co\u00a0Rector: Jorge Yance BlancoSede: MatecandelaDirecci\u00f3n: Resg. Ind\u00edgena MatecandelaCorreo electr\u00f3nico: director.cesikuanip@sedarauca.edu.co\u00a0Rector: Rafael Vianney D\u00edaz ContrerasSede: MonserrateDirecci\u00f3n: Vda. MonserrateCorreo electr\u00f3nico: director.cemonserrate@sedarauca.edu.co\u00a0Rector: Carlos Eduardo Ram\u00edrez OsorioSede: Agropecuario Municipal AraucanoDirecci\u00f3n: KM 7 V\u00eda Ca\u00f1o Lim\u00f3nCorreo electr\u00f3nico: rector.ieagromun@sedarauca.edu.co\u00a0P\u00e1gina webRector: Jorge [&hellip;]<\/p>\n","protected":false},"author":1,"featured_media":0,"parent":0,"menu_order":0,"comment_status":"closed","ping_status":"closed","template":"","meta":{"_et_pb_use_builder":"on","_et_pb_old_content":"","_et_gb_content_width":"","footnotes":""},"class_list":["post-631","page","type-page","status-publish","hentry"],"_links":{"self":[{"href":"https:\/\/www.sedarauca.edu.co\/index.php\/wp-json\/wp\/v2\/pages\/631","targetHints":{"allow":["GET"]}}],"collection":[{"href":"https:\/\/www.sedarauca.edu.co\/index.php\/wp-json\/wp\/v2\/pages"}],"about":[{"href":"https:\/\/www.sedarauca.edu.co\/index.php\/wp-json\/wp\/v2\/types\/page"}],"author":[{"embeddable":true,"href":"https:\/\/www.sedarauca.edu.co\/index.php\/wp-json\/wp\/v2\/users\/1"}],"replies":[{"embeddable":true,"href":"https:\/\/www.sedarauca.edu.co\/index.php\/wp-json\/wp\/v2\/comments?post=631"}],"version-history":[{"count":12,"href":"https:\/\/www.sedarauca.edu.co\/index.php\/wp-json\/wp\/v2\/pages\/631\/revisions"}],"predecessor-version":[{"id":14530,"href":"https:\/\/www.sedarauca.edu.co\/index.php\/wp-json\/wp\/v2\/pages\/631\/revisions\/14530"}],"wp:attachment":[{"href":"https:\/\/www.sedarauca.edu.co\/index.php\/wp-json\/wp\/v2\/media?parent=631"}],"curies":[{"name":"wp","href":"https:\/\/api.w.org\/{rel}","templated":true}]}}